{"id":1108,"date":"2025-05-18T16:19:40","date_gmt":"2025-05-18T14:19:40","guid":{"rendered":"https:\/\/garabieducation.es\/?page_id=1108"},"modified":"2025-09-16T09:01:13","modified_gmt":"2025-09-16T07:01:13","slug":"negozio","status":"publish","type":"page","link":"https:\/\/garabieducation.es\/eu\/negozio\/","title":{"rendered":"Negozioak"},"content":{"rendered":"<div class=\"gb-element-e359c44d alignfull main-carousel business-carusel\"><div class=\"alignfull wp-block-tandem-post-carousel\" data-slick=\"{&quot;adaptiveHeight&quot;:false,&quot;autoplay&quot;:true,&quot;autoplaySpeed&quot;:4000,&quot;arrows&quot;:true,&quot;centerMode&quot;:false,&quot;dots&quot;:true,&quot;infinite&quot;:true,&quot;initialSlide&quot;:0,&quot;pauseOnFocus&quot;:false,&quot;pauseOnHover&quot;:false,&quot;pauseOnDotsHover&quot;:false,&quot;slidesToShow&quot;:1,&quot;slidesToScroll&quot;:1,&quot;variableWidth&quot;:false,&quot;responsive&quot;:[{&quot;breakpoint&quot;:1024,&quot;settings&quot;:{&quot;slidesToShow&quot;:1,&quot;slidesToScroll&quot;:1}},{&quot;breakpoint&quot;:600,&quot;settings&quot;:{&quot;slidesToShow&quot;:1,&quot;slidesToScroll&quot;:1}}]}\"><div class=\"wp-block-tandem-post-carousel__slide\">\n<div class=\"gb-element-30bc6968\">\t<div class=\"gegb-carousel-background\" style=\"--gegb-slide-image:url('https:\/\/garabieducation.es\/wp-content\/uploads\/2025\/05\/Background-slide.jpg')\"><\/div>\n\n\n<div class=\"gb-element-9ee833aa\">\n<h1 class=\"gb-text gb-text-3669e377\">Ingelesa zuzendari eta profesionalentzat<\/h1>\n\n\n\n\n\n<div class=\"gb-element-0d057ded\"><div class=\"boto2\">\n\t<a href=\"https:\/\/api.whatsapp.com\/send\/?phone=34607269231&#038;text&#038;type=phone_number&#038;app_absent=0\" target=\"\">Aholkua eskatu<span class=\"icona\"><svg xmlns=\"http:\/\/www.w3.org\/2000\/svg\" viewbox=\"0 0 640 512\"><!--!Font Awesome Free 6.7.2 by @fontawesome - https:\/\/fontawesome.com License - https:\/\/fontawesome.com\/license\/free Copyright 2025 Fonticons, Inc.--><path d=\"M88.2 309.1c9.8-18.3 6.8-40.8-7.5-55.8C59.4 230.9 48 204 48 176c0-63.5 63.8-128 160-128s160 64.5 160 128s-63.8 128-160 128c-13.1 0-25.8-1.3-37.8-3.6c-10.4-2-21.2-.6-30.7 4.2c-4.1 2.1-8.3 4.1-12.6 6c-16 7.2-32.9 13.5-49.9 18c2.8-4.6 5.4-9.1 7.9-13.6c1.1-1.9 2.2-3.9 3.2-5.9zM208 352c114.9 0 208-78.8 208-176S322.9 0 208 0S0 78.8 0 176c0 41.8 17.2 80.1 45.9 110.3c-.9 1.7-1.9 3.5-2.8 5.1c-10.3 18.4-22.3 36.5-36.6 52.1c-6.6 7-8.3 17.2-4.6 25.9C5.8 378.3 14.4 384 24 384c43 0 86.5-13.3 122.7-29.7c4.8-2.2 9.6-4.5 14.2-6.8c15.1 3 30.9 4.5 47.1 4.5zM432 480c16.2 0 31.9-1.6 47.1-4.5c4.6 2.3 9.4 4.6 14.2 6.8C529.5 498.7 573 512 616 512c9.6 0 18.2-5.7 22-14.5c3.8-8.8 2-19-4.6-25.9c-14.2-15.6-26.2-33.7-36.6-52.1c-.9-1.7-1.9-3.4-2.8-5.1C622.8 384.1 640 345.8 640 304c0-94.4-87.9-171.5-198.2-175.8c4.1 15.2 6.2 31.2 6.2 47.8l0 .6c87.2 6.7 144 67.5 144 127.4c0 28-11.4 54.9-32.7 77.2c-14.3 15-17.3 37.6-7.5 55.8c1.1 2 2.2 4 3.2 5.9c2.5 4.5 5.2 9 7.9 13.6c-17-4.5-33.9-10.7-49.9-18c-4.3-1.9-8.5-3.9-12.6-6c-9.5-4.8-20.3-6.2-30.7-4.2c-12.1 2.4-24.8 3.6-37.8 3.6c-61.7 0-110-26.5-136.8-62.3c-16 5.4-32.8 9.4-50 11.8C279 439.8 350 480 432 480z\"\/><\/svg><\/span><\/a>\n<\/div>\n<\/div>\n<\/div>\n<\/div>\n<\/div><div class=\"wp-block-tandem-post-carousel__slide\">\n<div class=\"gb-element-30bc6968\">\t<div class=\"gegb-carousel-background\" style=\"--gegb-slide-image:url('https:\/\/garabieducation.es\/wp-content\/uploads\/2025\/05\/Background-slide.jpg')\"><div class=\"gegb-carousel-background\"><iframe loading=\"lazy\" title=\"3251843-uhd_3840_2160_25fps\" src=\"https:\/\/player.vimeo.com\/video\/1085448567?controls=0&amp;dnt=1&amp;loop=1&amp;background=1&amp;app_id=122963\" width=\"1200\" height=\"675\" frameborder=\"0\" allow=\"autoplay; fullscreen; picture-in-picture; clipboard-write; encrypted-media; web-share\" referrerpolicy=\"strict-origin-when-cross-origin\"><\/iframe><\/div><\/div>\n\n\n<div class=\"gb-element-9ee833aa\">\n<h1 class=\"gb-text gb-text-3669e377\">Ingelesa zuzendari eta profesionalentzat<\/h1>\n\n\n\n\n\n<div class=\"gb-element-0d057ded\"><div class=\"boto2\">\n\t<a href=\"https:\/\/api.whatsapp.com\/send\/?phone=34607269231&#038;text&#038;type=phone_number&#038;app_absent=0\" target=\"\">Aholkua eskatu<span class=\"icona\"><svg xmlns=\"http:\/\/www.w3.org\/2000\/svg\" viewbox=\"0 0 640 512\"><!--!Font Awesome Free 6.7.2 by @fontawesome - https:\/\/fontawesome.com License - https:\/\/fontawesome.com\/license\/free Copyright 2025 Fonticons, Inc.--><path d=\"M88.2 309.1c9.8-18.3 6.8-40.8-7.5-55.8C59.4 230.9 48 204 48 176c0-63.5 63.8-128 160-128s160 64.5 160 128s-63.8 128-160 128c-13.1 0-25.8-1.3-37.8-3.6c-10.4-2-21.2-.6-30.7 4.2c-4.1 2.1-8.3 4.1-12.6 6c-16 7.2-32.9 13.5-49.9 18c2.8-4.6 5.4-9.1 7.9-13.6c1.1-1.9 2.2-3.9 3.2-5.9zM208 352c114.9 0 208-78.8 208-176S322.9 0 208 0S0 78.8 0 176c0 41.8 17.2 80.1 45.9 110.3c-.9 1.7-1.9 3.5-2.8 5.1c-10.3 18.4-22.3 36.5-36.6 52.1c-6.6 7-8.3 17.2-4.6 25.9C5.8 378.3 14.4 384 24 384c43 0 86.5-13.3 122.7-29.7c4.8-2.2 9.6-4.5 14.2-6.8c15.1 3 30.9 4.5 47.1 4.5zM432 480c16.2 0 31.9-1.6 47.1-4.5c4.6 2.3 9.4 4.6 14.2 6.8C529.5 498.7 573 512 616 512c9.6 0 18.2-5.7 22-14.5c3.8-8.8 2-19-4.6-25.9c-14.2-15.6-26.2-33.7-36.6-52.1c-.9-1.7-1.9-3.4-2.8-5.1C622.8 384.1 640 345.8 640 304c0-94.4-87.9-171.5-198.2-175.8c4.1 15.2 6.2 31.2 6.2 47.8l0 .6c87.2 6.7 144 67.5 144 127.4c0 28-11.4 54.9-32.7 77.2c-14.3 15-17.3 37.6-7.5 55.8c1.1 2 2.2 4 3.2 5.9c2.5 4.5 5.2 9 7.9 13.6c-17-4.5-33.9-10.7-49.9-18c-4.3-1.9-8.5-3.9-12.6-6c-9.5-4.8-20.3-6.2-30.7-4.2c-12.1 2.4-24.8 3.6-37.8 3.6c-61.7 0-110-26.5-136.8-62.3c-16 5.4-32.8 9.4-50 11.8C279 439.8 350 480 432 480z\"\/><\/svg><\/span><\/a>\n<\/div>\n<\/div>\n<\/div>\n<\/div>\n<\/div><\/div><\/div>\n\n\n\n<div class=\"gb-element-879d9cb5\">\n<h3 class=\"gb-text gb-text-5fe20235\">Ingelesa profesional eta zuzendarientzat<\/h3>\n\n\n\n<h4 class=\"gb-text gb-text-3866fca5\">Ingurune globalean aurrera egiteko neurrira egindako prestakuntza<\/h4>\n<\/div>\n\n\n\n<div class=\"gb-element-8f4cdf3b\">\n<div>\n<p class=\"gb-text translation-block\">Mundu gero eta nazioartekoago batean, <strong>ingelesa menperatzea ez da jada abantaila bat: ezinbesteko lan tresna bat baizik.<\/strong><br><br> Kudeatzaileek, Giza Baliabideetako arduradunek, profesional tekniko eta finantzarioek eta osasun edo aeronautika sektoreetako profesionalek behar dute modu eraginkorrean negoziatzeko, gidatzeko eta komunikatzeko.<br><br> Hizkuntza menperatzeak ateak irekitzen dizkizu, zure ikusgarritasuna hobetzen du eta benetako inguru profesionalekin konektatzen zaitu.<br><br> Garabi Business, azkar, praktikoki eta eraginkortasunez aurrera egin behar duten profesionalentzat diseinatutako negozio eta ingeles profesionalerako programak eskaintzen ditugu.<\/p>\n<\/div>\n\n\n\n<div>\n<p class=\"gb-text\">Gure programek honako hauek konbinatzen dituzte:<\/p>\n\n\n\n<ul class=\"wp-block-list\">\n<li class=\" translation-block\"><strong>Aurrez aurreko ikastaro intentsiboak Erresuma Batuko, Irlandako edo AEBetako goi mailako eskoletan<\/strong> , talde txikietan (gehienez 6 pertsona), aurkezpenak, elkarrizketak edo benetako egoeretarako prestatzeko banakako klaseak gehitzeko aukerarekin.<\/li>\n<\/ul>\n\n\n\n<p class=\"gb-text\"><\/p>\n\n\n\n<ul class=\"wp-block-list\">\n<li class=\" translation-block\"><strong>Espainiatik online prestakuntza<\/strong> , pertsona bakoitzaren lan-ordutegira egokitu daitekeena, mintzapraktikekin, sektoreko hiztegi espezifikoarekin eta ziurtagiri ofizialetarako prestaketarekin.<\/li>\n<\/ul>\n\n\n\n<p class=\"gb-text\"><\/p>\n\n\n\n<ul class=\"wp-block-list\">\n<li><strong>Modalitateen konbinazioa:<\/strong> astebeteko egonaldietatik hasi eta aste anitzeko programetaraino, taldeko eta banakako klaseak txandakatuz.<\/li>\n<\/ul>\n<\/div>\n<\/div>\n\n\n\n<div class=\"gb-element-ac33db21\">\n<div class=\"gb-element-4e35168e\" style=\"--inline-bg-image: url(https:\/\/garabieducation.es\/wp-content\/uploads\/2025\/05\/Background-formacion-individual-1.jpg)\">\n<a class=\"gb-element-41626040\" href=\"#individuales\">\n<div class=\"gb-element-acf178d3\">\n<h2 class=\"gb-text-802c14b9\"><span class=\"gb-shape\"><svg id=\"Capa_1\" xmlns=\"http:\/\/www.w3.org\/2000\/svg\" version=\"1.1\" viewbox=\"0 0 80 80\">\n  <!-- Generator: Adobe Illustrator 29.5.1, SVG Export Plug-In . SVG Version: 2.1.0 Build 141)  -->\n  <g id=\"Grafica\">\n    <g id=\"_x32_y0Siq\">\n      <g>\n        <path d=\"M24.9,71.1h.8v8.9h4v-13h-3.7c-1.6,0-3.3,0-5-.3-6.6-1-11.7-6.9-11.9-13.6v-12.1h-4.1v12.9c0,.4.2.9.3,1.4.2,1,.4,2.1.7,3.1.6,2.1,1.7,4.1,3.3,6,.4.5.7,1.1.7,1.8v13.9h4v-11.6l1.1.5c3.2,1.6,6.4,2.3,9.8,2.1Z\"><\/path>\n        <path d=\"M57.5.1C57.4.1,57.2.1,57.1,0h-1.7c-1.2.3-2.5.6-3.6,1.5-2.8,2.1-3.8,5.7-2.6,8.9,1.2,3.1,4.6,5.2,7.8,4.8,3.5-.4,6.3-3,6.8-6.5C64.4,4.6,61.6.7,57.5,0h0ZM58.8,10.1c-.7.7-1.6,1.1-2.5,1.1h0c-.9,0-1.8-.4-2.5-1-.7-.7-1.1-1.6-1.1-2.5,0-1.9,1.6-3.5,3.5-3.6.9,0,1.8.3,2.5,1s1.1,1.6,1.1,2.5-.3,1.8-1,2.5Z\"><\/path>\n        <path d=\"M24.5,10c-.1,0-.3,0-.4-.1h-1.7c-1.2.3-2.5.6-3.6,1.5-2.8,2.1-3.8,5.7-2.6,8.9,1.2,3.1,4.6,5.2,7.8,4.8,3.5-.4,6.3-3,6.8-6.5.6-4.1-2.2-8-6.3-8.7h0ZM25.7,20.1c-.7.7-1.6,1-2.5,1h0c-.9,0-1.8-.4-2.5-1.1s-1-1.6-1-2.5c0-1.9,1.6-3.5,3.5-3.5h0c.9,0,1.8.4,2.5,1,.7.7,1.1,1.6,1.1,2.5s-.4,1.8-1.1,2.5h0Z\"><\/path>\n        <path d=\"M71,48.3v31.7h4v-35.8h-5.5v-16.9c0-1.4-.2-2.5-.8-3.6-1.4-2.8-3.7-4.2-6.7-4.3-4.2-.1-8.4,0-11.6,0s-7.3,3.3-7.4,7.5h0v17.3h-8.2l-.9-2.6c-.6-1.7-1.2-3.4-1.7-5.1-.6-1.8-1.4-3.2-2.3-4.3-2.1-2.5-4.8-3.3-8.1-2.5-3,.8-4.9,2.8-5.5,6-.1.5-.1,1.1-.1,1.7v14.5c0,4.8,3.2,8,8,8h8.7c2.5,0,3.9,1.5,3.9,3.9v16.2h4.1v-16.2c0-4.7-3.3-8-8-8h-8.7c-2.5,0-4-1.4-4-4v-14.6c0-1.2.4-2.1,1.1-2.8s1.7-1,2.9-1,2.2.7,2.8,1.7c.5,1,1.2,2.3,1.7,3.6,1.1,3.1,2.1,6.3,3.1,9.3v.2h39.2ZM47.1,40.9v-13.7c0-2.2,1.5-3.7,3.7-3.7h10.9c2.2,0,3.7,1.5,3.7,3.7v17h-18.3s0-3.3,0-3.3Z\"><\/path>\n      <\/g>\n    <\/g>\n  <\/g>\n<\/svg><\/span><\/h2>\n<\/div>\n\n\n\n<div>\n<h3 class=\"gb-text gb-text-1946e449 translation-block\">Banakako<br>prestakuntza<\/h3>\n<\/div>\n<\/a>\n<\/div>\n\n\n\n<div class=\"gb-element-9655eda1\" style=\"--inline-bg-image: url(https:\/\/garabieducation.es\/wp-content\/uploads\/2025\/05\/Background-formacion-online-1.jpg)\">\n<a class=\"gb-element-7b67cb6d\" href=\"#individuales\">\n<div class=\"gb-element-5c760a05\">\n<h2 class=\"gb-text-ec499c63\"><span class=\"gb-shape\"><svg id=\"Capa_1\" xmlns=\"http:\/\/www.w3.org\/2000\/svg\" version=\"1.1\" viewbox=\"0 0 80 80\">\n  <!-- Generator: Adobe Illustrator 29.5.1, SVG Export Plug-In . SVG Version: 2.1.0 Build 141)  -->\n  <g id=\"Grafica\">\n    <path d=\"M40,24.2h0c-2,0-3.9.8-5.4,2.2-1.4,1.4-2.2,3.3-2.2,5.3s.8,3.9,2.2,5.3c1.4,1.4,3.3,2.2,5.4,2.2h0c4.2,0,7.6-3.4,7.6-7.5s-.8-3.9-2.2-5.4c-1.4-1.4-3.3-2.2-5.4-2.2h0ZM42.5,34.3c-.7.7-1.5,1-2.5,1h0c-.9,0-1.8-.4-2.5-1.1-.7-.7-1-1.6-1-2.5,0-1.9,1.6-3.5,3.5-3.5h0c.9,0,1.8.4,2.5,1.1s1,1.6,1,2.5-.4,1.8-1.1,2.5h0ZM70.8,8.5H9.1C4.4,8.5.9,11.4,0,16.1,0,16.2,0,16.4,0,16.5v42.7c.3,1.4.7,2.8,1.6,4,1.9,2.6,4.4,3.9,7.6,3.9h28.8v8.8h-17.3v4.1h38.6v-4h-17.3v-8.9h28.7c4.5,0,8.1-2.8,9.1-7,.2-.7.2-1.4.2-2.2V17.7c0-5.3-3.9-9.2-9.2-9.2h.1ZM47.7,61.8v.8h-15.4v-12.5c0-2.1,1.5-3.6,3.6-3.6h8.1c2,0,3.6,1.5,3.6,3.4v12h.1ZM75.9,57c0,2.6-2.2,5.7-5.6,5.7s-18.6,0-18.6,0v-12.4c0-1.4-.2-2.5-.8-3.5-1.4-2.7-3.7-4.2-6.6-4.2h-8.7c-4.1,0-7.3,3.3-7.4,7.4v12.8s-17.3.2-18.1.2c-3.1,0-6.1-2.8-6.1-5.9V19.3c0-4.1,2.8-6.2,6.4-6.2h58.9c4.6,0,6.7,3.2,6.7,7.4v36.8-.3Z\"><\/path>\n  <\/g>\n<\/svg><\/span><\/h2>\n<\/div>\n\n\n\n<div>\n<h3 class=\"gb-text gb-text-777f6dfe translation-block\">Online<br>prestakuntza<\/h3>\n<\/div>\n<\/a>\n<\/div>\n\n\n\n<div class=\"gb-element-2ee5e517\" style=\"--inline-bg-image: url(https:\/\/garabieducation.es\/wp-content\/uploads\/2025\/05\/Background-formacion-grupal-1.jpg)\">\n<a class=\"gb-element-e7cc12da\" href=\"#individuales\">\n<div class=\"gb-element-668dc847\">\n<h2 class=\"gb-text-e8e68f35\"><span class=\"gb-shape\"><svg id=\"Capa_1\" xmlns=\"http:\/\/www.w3.org\/2000\/svg\" version=\"1.1\" viewbox=\"0 0 80 80\">\n  <!-- Generator: Adobe Illustrator 29.5.1, SVG Export Plug-In . SVG Version: 2.1.0 Build 141)  -->\n  <g id=\"Grafica\">\n    <g>\n      <path d=\"M69.6,59.6c2.8-.9,4.6-2.9,5.2-5.9v-.5c0,0,0-16.8,0-16.8-.3-1.2-.6-2.4-1.4-3.4-1.5-2.2-4-3.4-6.6-3.3-2.7.1-5,1.5-6.4,3.8-1,1.8-1.7,3.7-2.3,5.7-.2.5-.4,1.1-.6,1.6,0,.4-.3.7-.4,1.1-.2.5-.3,1.1-.5,1.6,0,.4-.6.9-1.1.9h-3.7v-7c0-1.4-.2-2.5-.8-3.5-1.4-2.7-3.7-4.2-6.6-4.2h-8.7c-4.1,0-7.3,3.3-7.4,7.4v7.3h-3.7c-.6,0-1-.6-1.2-1-.3-1-.7-1.9-1-2.9-.5-1.4-.9-2.7-1.4-4.1-.9-2.4-1.9-3.9-3.3-5.1-2.1-1.6-5-2.1-7.6-1.1-2.5.9-4.3,3.1-4.8,5.8,0,0,0,.3,0,.4h0v16.8c.3,1.8,1,3.2,1.9,4.3,1,1.1,2.2,1.8,3.5,2.2,1.9.5,2.9,1.8,2.9,3.7v16.6h4v-6.5c0-4.1,0-8.4-.2-12.7v-.8h4.3c1.8.2,3.1,1.7,3.1,3.7v16.3h4v-16.4c0-3.6-2.4-6.6-5.9-7.4-.5,0-1.2-.2-2-.2h-7.7c-2.6,0-4-1.4-4-4v-14.3c0-1.2.4-2.2,1.1-2.9.7-.7,1.8-1,3-.9,1.2,0,2.1.7,2.6,1.7.6,1.1,1.2,2.3,1.7,3.7,1,2.9,2,5.9,2.9,8.7l.2.6h38.4c0,0,.2-.7.2-.7,1.1-3.2,2.2-6.6,3.3-9.8.3-.8.7-1.7,1.3-2.6.9-1.5,2.5-2,4.2-1.5,1.5.5,2.5,1.8,2.5,3.5v14.9c0,2.1-1.5,3.7-3.7,3.7h-7.8c-4.6,0-7.9,3.2-7.9,7.9v16.2h4v-16c0-2.6,1.4-4,4-4h3.4v.8c-.3,4.2-.2,8.5-.2,12.7v6.5h4v-16.3c0-2.3.8-3.3,3-4.1l.2-.2ZM47.7,41.7v2.8h-15.4v-7.1c0-2.1,1.5-3.6,3.6-3.6h8.1c2,0,3.6,1.5,3.6,3.4v4.6h.1Z\"><\/path>\n      <path d=\"M6.6,13.4c-.9,1.1-1.2,2.5-1.5,3.6v1.7h0c0,.2,0,.3,0,.4.7,4.1,4.5,6.8,8.6,6.2,3.4-.5,6-3.2,6.4-6.8.4-3.2-1.7-6.6-4.8-7.8-3.2-1.3-6.8-.2-8.9,2.5v.2ZM10.2,15.4c.7-.7,1.6-1,2.5-1s1.8.4,2.5,1.1,1,1.6,1,2.5-.4,1.8-1.1,2.5c-.7.6-1.5,1-2.4,1s0,0,0,0c-1.9,0-3.5-1.6-3.5-3.6s.4-1.8,1.1-2.5h-.1Z\"><\/path>\n      <path d=\"M59.7,17.2c-.4,3.2,1.7,6.6,4.8,7.8,3.2,1.3,6.8.2,8.9-2.5.9-1.1,1.2-2.5,1.5-3.6v-1.8c0-.1,0-.3,0-.4-.7-3.7-3.8-6.3-7.4-6.3s-.8,0-1.2,0c-3.4.5-6,3.2-6.4,6.8h-.1ZM67.3,14.4h0c.9,0,1.8.4,2.5,1.1s1,1.6,1,2.5-.4,1.8-1.1,2.5-1.5,1-2.5,1,0,0,0,0c-.9,0-1.8-.4-2.5-1.1s-1-1.6-1-2.5c0-1.9,1.6-3.5,3.5-3.5h0Z\"><\/path>\n      <path d=\"M40,10.4h0c-2,0-3.9.8-5.4,2.2-1.4,1.4-2.2,3.3-2.2,5.3s.8,3.9,2.2,5.3c1.4,1.4,3.3,2.2,5.4,2.2h0c4.2,0,7.6-3.4,7.6-7.5s-.8-3.9-2.2-5.4c-1.4-1.4-3.3-2.2-5.4-2.2h0ZM42.5,20.5c-.7.7-1.5,1-2.5,1s0,0,0,0c-.9,0-1.8-.4-2.5-1.1s-1-1.6-1-2.5c0-1.9,1.6-3.5,3.5-3.5h0c.9,0,1.8.4,2.5,1.1s1,1.6,1,2.5-.4,1.8-1.1,2.5h0Z\"><\/path>\n    <\/g>\n  <\/g>\n<\/svg><\/span><\/h2>\n<\/div>\n\n\n\n<div>\n<h3 class=\"gb-text gb-text-61d8706c translation-block\">Taldeko<br>prestakuntza<\/h3>\n<\/div>\n<\/a>\n<\/div>\n<\/div>\n\n\n\n<div class=\"gb-element-d90d85db\">\n<div>\n<h4 class=\"gb-text gb-text-afb103f2\">GARABI BUSINESS<\/h4>\n\n\n\n<h3 class=\"gb-text gb-text-31f0b1f3\">Zure enpresarentzako hizkuntza-kide aproposa gara.<\/h3>\n\n\n\n<h4 class=\"gb-text gb-text-dbdff13b\">Zuzendaritza-profila duten irakasleak<\/h4>\n\n\n\n<p class=\"gb-text\">Gure prestatzaileak ez dira irakasleak soilik: negozioen munduan esperientzia zabala duten profesionalak dira. Negozioen errealitatea, enpresa-hizkuntza eta nazioarteko dinamika ulertzen dituzte. Horrek emaitza errealetara bideratutako prestakuntza praktikoa eta eraginkorra bermatzen du.<\/p>\n\n\n\n<div class=\"gb-element-a9d2eafa\">\n<a class=\"gb-text-2d378283\" href=\"https:\/\/garabieducation.es\/about-us\/\"><span class=\"gb-text\">Ezagutu gaitzazu<\/span><span class=\"gb-shape\"><svg xmlns=\"http:\/\/www.w3.org\/2000\/svg\" viewbox=\"0 0 24 24\" fill=\"currentColor\"><path d=\"M16.1716 10.9999L10.8076 5.63589L12.2218 4.22168L20 11.9999L12.2218 19.778L10.8076 18.3638L16.1716 12.9999H4V10.9999H16.1716Z\"><\/path><\/svg><\/span><\/a>\n<\/div>\n<\/div>\n\n\n\n<div><div style=\"padding:75% 0 0 0;position:relative;\"><iframe src=\"https:\/\/player.vimeo.com\/video\/1101187035?badge=0&amp;autopause=0&amp;player_id=0&amp;app_id=58479\" frameborder=\"0\" allow=\"autoplay; fullscreen; picture-in-picture; clipboard-write; encrypted-media; web-share\" style=\"position:absolute;top:0;left:0;width:100%;height:100%;\" title=\"Idoia Garmendia\"><\/iframe><\/div><script src=\"https:\/\/player.vimeo.com\/api\/player.js\"><\/script><\/div>\n<\/div>\n\n\n\n<div class=\"alignfull\">\n<h3 class=\"gb-text gb-text-b3e3903b\">Zergatik inbertitu ingeleseko prestakuntzan? <\/h3>\n<\/div>\n\n\n\n<div class=\"gb-element-463b7b1c\">\n<div class=\"gb-element-dbc6555e\">\n<img loading=\"lazy\" decoding=\"async\" width=\"80\" height=\"80\" class=\"gb-media-5ac8bed3\" alt=\"\" src=\"https:\/\/garabieducation.es\/wp-content\/uploads\/2025\/05\/GARABI_icon-business-comunicacion.svg\" title=\"GARABI_ikonoa-enpresa-komunikazioa\"\/>\n\n\n\n<h6 class=\"gb-text gb-text-15b085cd\">Barne eta kanpo komunikazioa hobetu<\/h6>\n<\/div>\n\n\n\n<div class=\"gb-element-868664d2\">\n<img loading=\"lazy\" decoding=\"async\" width=\"80\" height=\"80\" class=\"gb-media-9e8bc631\" alt=\"\" src=\"https:\/\/garabieducation.es\/wp-content\/uploads\/2025\/05\/GARABI_icon-business-internacional.svg\" title=\"GARABI_ikonoa-nazioarteko negozioak\"\/>\n\n\n\n<h6 class=\"gb-text gb-text-81972890\">Nazioarteko hedapena errazten du<\/h6>\n<\/div>\n\n\n\n<div class=\"gb-element-0bad0aad\">\n<img loading=\"lazy\" decoding=\"async\" width=\"80\" height=\"80\" class=\"gb-media-6c062e9c\" alt=\"\" src=\"https:\/\/garabieducation.es\/wp-content\/uploads\/2025\/05\/GARABI_icon-business-seguretat.svg\" title=\"GARABI_icon-business-seguretat\"\/>\n\n\n\n<h6 class=\"gb-text gb-text-5e50e870\">Profesionalen segurtasuna eta autonomia indartzen ditu<\/h6>\n<\/div>\n\n\n\n<div class=\"gb-element-cd98fd59\">\n<img loading=\"lazy\" decoding=\"async\" width=\"80\" height=\"80\" class=\"gb-media-32588ef7\" alt=\"\" src=\"https:\/\/garabieducation.es\/wp-content\/uploads\/2025\/05\/GARABI_icon-business-confianca.svg\" title=\"GARABI_ikonoa-enpresa-konfiantza\"\/>\n\n\n\n<h6 class=\"gb-text gb-text-979261ae\">Enpresarekiko konpromisoa areagotzen du<\/h6>\n<\/div>\n\n\n\n<div class=\"gb-element-4e067976\">\n<img loading=\"lazy\" decoding=\"async\" width=\"80\" height=\"80\" class=\"gb-media-f65c893f\" alt=\"\" src=\"https:\/\/garabieducation.es\/wp-content\/uploads\/2025\/05\/GARABI_icon-business-exit.svg\" title=\"GARABI_ikonoa-negozio-irteera\"\/>\n\n\n\n<h6 class=\"gb-text gb-text-63804eb1\">Aukera berriak irekitzen ditu maila pertsonalean eta korporatiboan<\/h6>\n<\/div>\n<\/div>\n\n\n\n<div class=\"gb-element-a21f5537\" id=\"individuales\">\n<h3 class=\"gb-text gb-text-29f2c9f2\">Zuzendarientzako neurrira egindako ingeles ikastaroak<\/h3>\n\n\n\n<h4 class=\"gb-text gb-text-3720e333 translation-block\">Profesionalen benetako beharretara egokitutako programa malguak eskaintzen ditugu,\nhelburuen, ordutegien eta mailaren araberako modalitate desberdinekin:<\/h4>\n\n\n\n<div class=\"gb-element-b26d85c7\">\n<div>\n<h4 class=\"gb-text gb-text-ef62dc8f\">Banakako online prestakuntza<\/h4>\n\n\n\n<p class=\"gb-text\">Zuzendarien beharretara bideratutako 100% klase partikular pertsonalizatuak: aurkezpenak, bilerak, elkarrizketak, hiztegi espezifikoa, etab.<\/p>\n<\/div>\n\n\n\n<div>\n<h4 class=\"gb-text gb-text-73d1b7fc\">Taldeko online prestakuntza<\/h4>\n\n\n\n<p class=\"gb-text\">Maila bereko hainbat profesional dituzten enpresentzat. Gutxienez 5 parte-hartzaile behar dira. Elkarlaneko ikaskuntza eta talde-motibazioa sustatzeko aproposa.<\/p>\n<\/div>\n\n\n\n<div>\n<h4 class=\"gb-text gb-text-6174c37d translation-block\">Aurrez aurreko ikastaro intentsiboak (crash courses)<\/h4>\n\n\n\n<p class=\"gb-text\">Astebetetik aurrera, modu pribatuan. Murgiltze-prestakuntza, helburuetan oinarritutakoa, Erresuma Batuko, Irlandako edo AEBetako goi-mailako eskoletan.<\/p>\n<\/div>\n\n\n\n<div>\n<h4 class=\"gb-text gb-text-767c2d70\">Aurrez aurreko ikastaroak talde txikietan<\/h4>\n\n\n\n<p class=\"gb-text\">Astebetetik aurrera, gehienez 6 parte-hartzaile talde bakoitzeko. Ingurune ezin hobea jariakortasuna hobetzeko, benetako egoerak praktikatzeko eta beste profesionalekin harremanak izateko.<\/p>\n<\/div>\n<\/div>\n<\/div>\n\n\n\n<div class=\"gb-element-cab00365\">\n<a class=\"gb-text-4afbfd1d\" href=\"\/about-us\/\"><span class=\"gb-text\">Ezagutu gaitzazu<\/span><span class=\"gb-shape\"><svg xmlns=\"http:\/\/www.w3.org\/2000\/svg\" viewbox=\"0 0 24 24\" fill=\"currentColor\"><path d=\"M16.1716 10.9999L10.8076 5.63589L12.2218 4.22168L20 11.9999L12.2218 19.778L10.8076 18.3638L16.1716 12.9999H4V10.9999H16.1716Z\"><\/path><\/svg><\/span><\/a>\n\n\n\n<a class=\"gb-text-c16e3e89\" href=\"https:\/\/meetings.hubspot.com\/idoia-garmendia?uuid=355754e1-ccca-425f-811e-6ff299861cad\" target=\"_blank\" rel=\"noopener\"><span class=\"gb-text\">Hitz egin nahi?<\/span><span class=\"gb-shape\"><svg xmlns=\"http:\/\/www.w3.org\/2000\/svg\" viewbox=\"0 0 24 24\" fill=\"currentColor\"><path d=\"M17 9.2L22.2133 5.55071C22.4395 5.39235 22.7513 5.44737 22.9096 5.6736C22.9684 5.75764 23 5.85774 23 5.96033V18.0397C23 18.3158 22.7761 18.5397 22.5 18.5397C22.3974 18.5397 22.2973 18.5081 22.2133 18.4493L17 14.8V19C17 19.5523 16.5523 20 16 20H2C1.44772 20 1 19.5523 1 19V5C1 4.44772 1.44772 4 2 4H16C16.5523 4 17 4.44772 17 5V9.2ZM17 12.3587L21 15.1587V8.84131L17 11.6413V12.3587ZM3 6V18H15V6H3Z\"><\/path><\/svg><\/span><\/a>\n<\/div>\n\n\n\n<div class=\"gb-element-bfe5e143\">\n<h3 class=\"gb-text gb-text-9d37f621\">Hizkuntza murgiltze prestakuntza<\/h3>\n\n\n\n<h4 class=\"gb-text gb-text-866f08dc translation-block\">Aukeratu zure norakoa, datak eta iraupena prestakuntza intentsibo eta malgua lortzeko.\nAstebeteko egonaldietatik hasi eta aste anitzeko programetaraino, taldeko eta banakako klaseen artean txandakatuz.<\/h4>\n\n\n\n<div class=\"gb-query-f939bb4a\"><div class=\"gb-looper-e7429e4e\">\n<a class=\"gb-loop-item gb-loop-item-d4938187 destinations_card post-252 destination type-destination status-publish hentry taxonomie-destination-academic-year taxonomie-destination-business taxonomie-destination-sport taxonomie-destination-university taxonomie-destination-home taxonomie-destination-summer\" href=\"https:\/\/garabieducation.es\/eu\/helmugak\/\">\n<div class=\"gb-element-9024dcce\" style=\"--inline-bg-image: url(https:\/\/garabieducation.es\/wp-content\/uploads\/2025\/05\/GARABI-destinos-home-reino-unido.jpg)\">\n<div class=\"gb-element-0836d1bd\">\n<h3 class=\"gb-text-4f354d8e\"><span class=\"gb-shape\"><svg xmlns=\"http:\/\/www.w3.org\/2000\/svg\" width=\"32\" height=\"32\" fill=\"#000000\" viewbox=\"0 0 256 256\"><path d=\"M128,24A104,104,0,1,0,232,128,104.11,104.11,0,0,0,128,24Zm0,192a88,88,0,1,1,88-88A88.1,88.1,0,0,1,128,216Zm48-88a8,8,0,0,1-8,8H136v32a8,8,0,0,1-16,0V136H88a8,8,0,0,1,0-16h32V88a8,8,0,0,1,16,0v32h32A8,8,0,0,1,176,128Z\"><\/path><\/svg><\/span><span class=\"gb-text\">Erresuma Batua<\/span><\/h3>\n<\/div>\n<\/div>\n<\/a>\n\n<a class=\"gb-loop-item gb-loop-item-d4938187 destinations_card post-254 destination type-destination status-publish hentry taxonomie-destination-summer taxonomie-destination-academic-year taxonomie-destination-business taxonomie-destination-sport taxonomie-destination-university taxonomie-destination-home\" href=\"https:\/\/garabieducation.es\/eu\/helmugak\/\">\n<div class=\"gb-element-9024dcce\" style=\"--inline-bg-image: url(https:\/\/garabieducation.es\/wp-content\/uploads\/2025\/05\/GARABI-destinos-home-irlanda.jpg)\">\n<div class=\"gb-element-0836d1bd\">\n<h3 class=\"gb-text-4f354d8e\"><span class=\"gb-shape\"><svg xmlns=\"http:\/\/www.w3.org\/2000\/svg\" width=\"32\" height=\"32\" fill=\"#000000\" viewbox=\"0 0 256 256\"><path d=\"M128,24A104,104,0,1,0,232,128,104.11,104.11,0,0,0,128,24Zm0,192a88,88,0,1,1,88-88A88.1,88.1,0,0,1,128,216Zm48-88a8,8,0,0,1-8,8H136v32a8,8,0,0,1-16,0V136H88a8,8,0,0,1,0-16h32V88a8,8,0,0,1,16,0v32h32A8,8,0,0,1,176,128Z\"><\/path><\/svg><\/span><span class=\"gb-text\">Irlanda<\/span><\/h3>\n<\/div>\n<\/div>\n<\/a>\n\n<a class=\"gb-loop-item gb-loop-item-d4938187 destinations_card post-256 destination type-destination status-publish hentry taxonomie-destination-summer taxonomie-destination-academic-year taxonomie-destination-business taxonomie-destination-sport taxonomie-destination-university taxonomie-destination-home\" href=\"https:\/\/garabieducation.es\/eu\/helmugak\/\">\n<div class=\"gb-element-9024dcce\" style=\"--inline-bg-image: url(https:\/\/garabieducation.es\/wp-content\/uploads\/2025\/05\/GARABI-destinos-home-estados-unidos.jpg)\">\n<div class=\"gb-element-0836d1bd\">\n<h3 class=\"gb-text-4f354d8e\"><span class=\"gb-shape\"><svg xmlns=\"http:\/\/www.w3.org\/2000\/svg\" width=\"32\" height=\"32\" fill=\"#000000\" viewbox=\"0 0 256 256\"><path d=\"M128,24A104,104,0,1,0,232,128,104.11,104.11,0,0,0,128,24Zm0,192a88,88,0,1,1,88-88A88.1,88.1,0,0,1,128,216Zm48-88a8,8,0,0,1-8,8H136v32a8,8,0,0,1-16,0V136H88a8,8,0,0,1,0-16h32V88a8,8,0,0,1,16,0v32h32A8,8,0,0,1,176,128Z\"><\/path><\/svg><\/span><span class=\"gb-text\">AEB<\/span><\/h3>\n<\/div>\n<\/div>\n<\/a>\n<\/div><\/div>\n<\/div>\n\n\n\n<div class=\"gb-element-68811f8d\">\n<h3 class=\"gb-text gb-text-db60c84d\">Beren esperientzia ahaztezina bizi izan dute<\/h3>\n<\/div>","protected":false},"excerpt":{"rendered":"<p>Ingl\u00e9s para profesionales y directivos Formaci\u00f3n a medida para avanzar en un entorno global En un mundo cada vez m\u00e1s internacional, dominar el ingl\u00e9s ya no es un extra: es una herramienta de trabajo imprescindible. Directivos, responsables de RR. HH., perfiles t\u00e9cnicos, financieros o profesionales del sector salud o aeron\u00e1utico lo necesitan para negociar, liderar &#8230; <a title=\"Negozioak\" class=\"read-more\" href=\"https:\/\/garabieducation.es\/eu\/negozio\/\" aria-label=\"Read more about Business\">Irakurri gehiago<\/a><\/p>","protected":false},"author":1,"featured_media":0,"parent":0,"menu_order":0,"comment_status":"closed","ping_status":"closed","template":"","meta":{"_acf_changed":false,"footnotes":""},"class_list":["post-1108","page","type-page","status-publish"],"acf":[],"_links":{"self":[{"href":"https:\/\/garabieducation.es\/eu\/wp-json\/wp\/v2\/pages\/1108","targetHints":{"allow":["GET"]}}],"collection":[{"href":"https:\/\/garabieducation.es\/eu\/wp-json\/wp\/v2\/pages"}],"about":[{"href":"https:\/\/garabieducation.es\/eu\/wp-json\/wp\/v2\/types\/page"}],"author":[{"embeddable":true,"href":"https:\/\/garabieducation.es\/eu\/wp-json\/wp\/v2\/users\/1"}],"replies":[{"embeddable":true,"href":"https:\/\/garabieducation.es\/eu\/wp-json\/wp\/v2\/comments?post=1108"}],"version-history":[{"count":83,"href":"https:\/\/garabieducation.es\/eu\/wp-json\/wp\/v2\/pages\/1108\/revisions"}],"predecessor-version":[{"id":2890,"href":"https:\/\/garabieducation.es\/eu\/wp-json\/wp\/v2\/pages\/1108\/revisions\/2890"}],"wp:attachment":[{"href":"https:\/\/garabieducation.es\/eu\/wp-json\/wp\/v2\/media?parent=1108"}],"curies":[{"name":"wp","href":"https:\/\/api.w.org\/{rel}","templated":true}]}}