{"id":550,"date":"2025-05-14T09:17:38","date_gmt":"2025-05-14T07:17:38","guid":{"rendered":"https:\/\/garabieducation.es\/?page_id=550"},"modified":"2025-12-01T16:12:12","modified_gmt":"2025-12-01T15:12:12","slug":"about-us","status":"publish","type":"page","link":"https:\/\/garabieducation.es\/ca\/about-us\/","title":{"rendered":"About Us"},"content":{"rendered":"<div class=\"gb-element-9076110e alignfull\">\t<div class=\"gegb-carousel-background\" style=\"--gegb-slide-image:url('https:\/\/garabieducation.es\/wp-content\/uploads\/2025\/05\/GARABI-EDUCATION-background-slide-about-us.jpg')\"><\/div>\n\n\n<div class=\"gb-element-4b233185\">\n\n\n<h1 class=\"gb-text gb-text-fa724815\">Speak Bold. Live Big.<\/h1>\n\n\n\n<p class=\"gb-text gb-text-55b7f35f\">EXPERI\u00c8NCIES EDUCATIVES INTERNACIONALS<\/p>\n<\/div>\n<\/div>\n\n\n\n<div class=\"gb-element-6448d00f\">\n<h3 class=\"gb-text gb-text-df571e23\">Assessorament personalitzat en educaci\u00f3 internacional<\/h3>\n\n\n\n<div class=\"gb-element-2f344d8a\">\n<div>\n<h4 class=\"gb-text gb-text-5f53a568\">27 anys marcant la difer\u00e8ncia<\/h4>\n\n\n\n<p class=\"gb-text\"><strong>Garabi Education<\/strong> neix duna vocaci\u00f3 personal: la passi\u00f3 per leducaci\u00f3 internacional i el comprom\u00eds amb les fam\u00edlies.<\/p>\n\n\n\n<p class=\"gb-text translation-block\">Durant m\u00e9s de 27 anys, he acompanyat centenars d&#039;estudiants en experi\u00e8ncies educatives \u00faniques a l&#039;estranger. A partir d&#039;aquesta \u00e0mplia experi\u00e8ncia, fundo <strong>Garabi Education<\/strong> el 2019. La nostra feina va molt m\u00e9s enll\u00e0 de l&#039;organitzaci\u00f3 d&#039;un programa: <strong>seleccionem personalment els centres, avaluem cada destinaci\u00f3 i assessorem cada fam\u00edlia amb proximitat, professionalitat i comprom\u00eds<\/strong> .<\/p>\n\n\n\n<p class=\"gb-text\">La nostra missi\u00f3 \u00e9s oferir experi\u00e8ncies educatives d&#039;alta qualitat que impulsin tant el desenvolupament acad\u00e8mic com el creixement personal de cada estudiant.<\/p>\n\n\n\n<p class=\"gb-text translation-block\">Creiem en <strong>el valor de sortir<\/strong> al m\u00f3n, en el poder transformador d'enfrontar-se a reptes nous, de conviure amb altres cultures i d'aprendre des de l'experi\u00e8ncia.<\/p>\n\n\n\n<p class=\"gb-text gb-text-c6f7fb03\"><strong>Idoia Garmendia<\/strong><\/p>\n\n\n\n<p class=\"gb-text gb-text-a1b169df\">Fundadora de Garabi Education<\/p>\n<\/div>\n\n\n\n\n \n<div style=\"padding:75% 0 0 0;position:relative;\"><iframe src=\"https:\/\/player.vimeo.com\/video\/1109704704?autoplay=1&#038;loop=1&#038;autopause=0?badge=0&amp;autopause=0&amp;player_id=0&amp;app_id=58479\" frameborder=\"0\" allow=\"autoplay; fullscreen; picture-in-picture; clipboard-write\" style=\"position:absolute;top:0;left:0;width:100%;height:100%;\" title=\"Help Center Video\"><\/iframe><\/div><script src=\"https:\/\/player.vimeo.com\/api\/player.js\"><\/script>\n\n<\/div>\n\n\n\n<div class=\"gb-element-cd686c53\" id=\"confiar\">\n<div>\n<h3 class=\"gb-text gb-text-a96b716b\">Per qu\u00e8 confiar en Garabi?<\/h3>\n<\/div>\n\n\n\n<div>\n<div class=\"gb-accordion\">\n<div class=\"gb-accordion__item gb-accordion__item-eb28b4fe gb-accordion__item-open\">\n<div role=\"button\" tabindex=\"0\" class=\"gb-accordion__toggle gb-accordion__toggle-789a2812 gb-block-is-current\" id=\"gb-accordion-toggle-789a2812\">\n<span class=\"gb-text gb-text-c462900f\">Experi\u00e8ncia internacional<\/span>\n\n\n\n<span class=\"gb-accordion__toggle-icon gb-accordion__toggle-icon-bdccc5fd toogle_icon\"><span class=\"gb-accordion__toggle-icon-open\"><svg aria-hidden=\"true\" viewbox=\"0 0 256 256\"><rect width=\"256\" height=\"256\" fill=\"none\"><\/rect><circle cx=\"128\" cy=\"128\" r=\"96\" fill=\"none\" stroke=\"currentColor\" stroke-miterlimit=\"10\" stroke-width=\"16\"><\/circle><line x1=\"88\" y1=\"128\" x2=\"168\" y2=\"128\" fill=\"none\" stroke=\"currentColor\" stroke-linecap=\"round\" stroke-linejoin=\"round\" stroke-width=\"16\"><\/line><line x1=\"128\" y1=\"88\" x2=\"128\" y2=\"168\" fill=\"none\" stroke=\"currentColor\" stroke-linecap=\"round\" stroke-linejoin=\"round\" stroke-width=\"16\"><\/line><\/svg><\/span><span class=\"gb-accordion__toggle-icon-close\"><svg aria-hidden=\"true\" viewbox=\"0 0 256 256\"><rect width=\"256\" height=\"256\" fill=\"none\"><\/rect><line x1=\"88\" y1=\"128\" x2=\"168\" y2=\"128\" fill=\"none\" stroke=\"currentColor\" stroke-linecap=\"round\" stroke-linejoin=\"round\" stroke-width=\"16\"><\/line><circle cx=\"128\" cy=\"128\" r=\"96\" fill=\"none\" stroke=\"currentColor\" stroke-miterlimit=\"10\" stroke-width=\"16\"><\/circle><\/svg><\/span><\/span>\n<\/div>\n\n\n\n<div class=\"gb-accordion__content\" id=\"gb-accordion-content-c1392100\">\n<div class=\"gb-element-453a3ba4\">\n<p class=\"gb-text gb-text-4fbbc441\">M\u00e9s de 27 anys connectant estudiants amb viv\u00e8ncies que transformen. Coneixem en profunditat els centres amb qu\u00e8 col\u00b7laborem i garantim els m\u00e9s alts est\u00e0ndards.<\/p>\n<\/div>\n<\/div>\n<\/div>\n\n\n\n<div class=\"gb-accordion__item gb-accordion__item-7e2ee27f\">\n<div role=\"button\" tabindex=\"0\" class=\"gb-accordion__toggle gb-accordion__toggle-f077b2fe\" id=\"gb-accordion-toggle-f077b2fe\">\n<span class=\"gb-text gb-text-455b596b\">Assessorament personalitzat<\/span>\n\n\n\n<span class=\"gb-accordion__toggle-icon gb-accordion__toggle-icon-c1d83b33\"><span class=\"gb-accordion__toggle-icon-open\"><svg aria-hidden=\"true\" viewbox=\"0 0 256 256\"><rect width=\"256\" height=\"256\" fill=\"none\"><\/rect><circle cx=\"128\" cy=\"128\" r=\"96\" fill=\"none\" stroke=\"currentColor\" stroke-miterlimit=\"10\" stroke-width=\"16\"><\/circle><line x1=\"88\" y1=\"128\" x2=\"168\" y2=\"128\" fill=\"none\" stroke=\"currentColor\" stroke-linecap=\"round\" stroke-linejoin=\"round\" stroke-width=\"16\"><\/line><line x1=\"128\" y1=\"88\" x2=\"128\" y2=\"168\" fill=\"none\" stroke=\"currentColor\" stroke-linecap=\"round\" stroke-linejoin=\"round\" stroke-width=\"16\"><\/line><\/svg><\/span><span class=\"gb-accordion__toggle-icon-close\"><svg aria-hidden=\"true\" viewbox=\"0 0 256 256\"><rect width=\"256\" height=\"256\" fill=\"none\"><\/rect><line x1=\"88\" y1=\"128\" x2=\"168\" y2=\"128\" fill=\"none\" stroke=\"currentColor\" stroke-linecap=\"round\" stroke-linejoin=\"round\" stroke-width=\"16\"><\/line><circle cx=\"128\" cy=\"128\" r=\"96\" fill=\"none\" stroke=\"currentColor\" stroke-miterlimit=\"10\" stroke-width=\"16\"><\/circle><\/svg><\/span><\/span>\n<\/div>\n\n\n\n<div class=\"gb-accordion__content\" id=\"gb-accordion-content-f7c20102\">\n<div class=\"gb-element-d2424ca2\">\n<p class=\"gb-text gb-text-db604df3\">Escoltem, orientem i acompanyem cada fam\u00edlia. Ajudem mares i pares a prendre decisions informades i segures.<\/p>\n<\/div>\n<\/div>\n<\/div>\n\n\n\n<div class=\"gb-accordion__item gb-accordion__item-4145be77\">\n<div role=\"button\" tabindex=\"0\" class=\"gb-accordion__toggle gb-accordion__toggle-1f177907\" id=\"gb-accordion-toggle-1f177907\">\n<span class=\"gb-text gb-text-80031c8a\">Sempre al teu costat<\/span>\n\n\n\n<span class=\"gb-accordion__toggle-icon gb-accordion__toggle-icon-f330578e\"><span class=\"gb-accordion__toggle-icon-open\"><svg aria-hidden=\"true\" viewbox=\"0 0 256 256\"><rect width=\"256\" height=\"256\" fill=\"none\"><\/rect><circle cx=\"128\" cy=\"128\" r=\"96\" fill=\"none\" stroke=\"currentColor\" stroke-miterlimit=\"10\" stroke-width=\"16\"><\/circle><line x1=\"88\" y1=\"128\" x2=\"168\" y2=\"128\" fill=\"none\" stroke=\"currentColor\" stroke-linecap=\"round\" stroke-linejoin=\"round\" stroke-width=\"16\"><\/line><line x1=\"128\" y1=\"88\" x2=\"128\" y2=\"168\" fill=\"none\" stroke=\"currentColor\" stroke-linecap=\"round\" stroke-linejoin=\"round\" stroke-width=\"16\"><\/line><\/svg><\/span><span class=\"gb-accordion__toggle-icon-close\"><svg aria-hidden=\"true\" viewbox=\"0 0 256 256\"><rect width=\"256\" height=\"256\" fill=\"none\"><\/rect><line x1=\"88\" y1=\"128\" x2=\"168\" y2=\"128\" fill=\"none\" stroke=\"currentColor\" stroke-linecap=\"round\" stroke-linejoin=\"round\" stroke-width=\"16\"><\/line><circle cx=\"128\" cy=\"128\" r=\"96\" fill=\"none\" stroke=\"currentColor\" stroke-miterlimit=\"10\" stroke-width=\"16\"><\/circle><\/svg><\/span><\/span>\n<\/div>\n\n\n\n<div class=\"gb-accordion__content\" id=\"gb-accordion-content-d8e5c6e7\">\n<div>\n<p class=\"gb-text gb-text-9b6477c9\">Des del primer contacte fins al final del programa, oferim assist\u00e8ncia continuada i tel\u00e8fon d&#039;emerg\u00e8ncies 24 h.<\/p>\n<\/div>\n<\/div>\n<\/div>\n\n\n\n<div class=\"gb-accordion__item gb-accordion__item-7d9aefc1\">\n<div role=\"button\" tabindex=\"0\" class=\"gb-accordion__toggle gb-accordion__toggle-19736e4e\" id=\"gb-accordion-toggle-19736e4e\">\n<span class=\"gb-text gb-text-a9065461\">Tot incl\u00f2s, sense sorpreses<\/span>\n\n\n\n<span class=\"gb-accordion__toggle-icon gb-accordion__toggle-icon-ad4c2d81\"><span class=\"gb-accordion__toggle-icon-open\"><svg aria-hidden=\"true\" viewbox=\"0 0 256 256\"><rect width=\"256\" height=\"256\" fill=\"none\"><\/rect><circle cx=\"128\" cy=\"128\" r=\"96\" fill=\"none\" stroke=\"currentColor\" stroke-miterlimit=\"10\" stroke-width=\"16\"><\/circle><line x1=\"88\" y1=\"128\" x2=\"168\" y2=\"128\" fill=\"none\" stroke=\"currentColor\" stroke-linecap=\"round\" stroke-linejoin=\"round\" stroke-width=\"16\"><\/line><line x1=\"128\" y1=\"88\" x2=\"128\" y2=\"168\" fill=\"none\" stroke=\"currentColor\" stroke-linecap=\"round\" stroke-linejoin=\"round\" stroke-width=\"16\"><\/line><\/svg><\/span><span class=\"gb-accordion__toggle-icon-close\"><svg aria-hidden=\"true\" viewbox=\"0 0 256 256\"><rect width=\"256\" height=\"256\" fill=\"none\"><\/rect><line x1=\"88\" y1=\"128\" x2=\"168\" y2=\"128\" fill=\"none\" stroke=\"currentColor\" stroke-linecap=\"round\" stroke-linejoin=\"round\" stroke-width=\"16\"><\/line><circle cx=\"128\" cy=\"128\" r=\"96\" fill=\"none\" stroke=\"currentColor\" stroke-miterlimit=\"10\" stroke-width=\"16\"><\/circle><\/svg><\/span><\/span>\n<\/div>\n\n\n\n<div class=\"gb-accordion__content\" id=\"gb-accordion-content-b9bebd72\">\n<div class=\"gb-element-6a9a076f\">\n<p class=\"gb-text gb-text-f1c7e1ae\">Transpar\u00e8ncia total: els nostres programes detallen clarament tot all\u00f2 que est\u00e0 incl\u00f2s per garantir tranquil\u00b7litat i confian\u00e7a.<\/p>\n<\/div>\n<\/div>\n<\/div>\n\n\n\n<div class=\"gb-accordion__item gb-accordion__item-4cff3a78\">\n<div role=\"button\" tabindex=\"0\" class=\"gb-accordion__toggle gb-accordion__toggle-104866d4\" id=\"gb-accordion-toggle-104866d4\">\n<span class=\"gb-text gb-text-0c46cc35\">Comprom\u00eds total<\/span>\n\n\n\n<span class=\"gb-accordion__toggle-icon gb-accordion__toggle-icon-ba448f7e\"><span class=\"gb-accordion__toggle-icon-open\"><svg aria-hidden=\"true\" viewbox=\"0 0 256 256\"><rect width=\"256\" height=\"256\" fill=\"none\"><\/rect><circle cx=\"128\" cy=\"128\" r=\"96\" fill=\"none\" stroke=\"currentColor\" stroke-miterlimit=\"10\" stroke-width=\"16\"><\/circle><line x1=\"88\" y1=\"128\" x2=\"168\" y2=\"128\" fill=\"none\" stroke=\"currentColor\" stroke-linecap=\"round\" stroke-linejoin=\"round\" stroke-width=\"16\"><\/line><line x1=\"128\" y1=\"88\" x2=\"128\" y2=\"168\" fill=\"none\" stroke=\"currentColor\" stroke-linecap=\"round\" stroke-linejoin=\"round\" stroke-width=\"16\"><\/line><\/svg><\/span><span class=\"gb-accordion__toggle-icon-close\"><svg aria-hidden=\"true\" viewbox=\"0 0 256 256\"><rect width=\"256\" height=\"256\" fill=\"none\"><\/rect><line x1=\"88\" y1=\"128\" x2=\"168\" y2=\"128\" fill=\"none\" stroke=\"currentColor\" stroke-linecap=\"round\" stroke-linejoin=\"round\" stroke-width=\"16\"><\/line><circle cx=\"128\" cy=\"128\" r=\"96\" fill=\"none\" stroke=\"currentColor\" stroke-miterlimit=\"10\" stroke-width=\"16\"><\/circle><\/svg><\/span><\/span>\n<\/div>\n\n\n\n<div class=\"gb-accordion__content\" id=\"gb-accordion-content-c7833a66\">\n<div class=\"gb-element-ecba4d91\">\n<p class=\"gb-text gb-text-fc1800d1\">Treballem amb centres educatius seleccionats amb cura, evitant programes massificats i fomentant entorns aut\u00e8ntics i inspiradors.<\/p>\n<\/div>\n<\/div>\n<\/div>\n\n\n\n<div class=\"gb-accordion__item gb-accordion__item-b20dcc1e\">\n<div role=\"button\" tabindex=\"0\" class=\"gb-accordion__toggle gb-accordion__toggle-de61efb7\" id=\"gb-accordion-toggle-de61efb7\">\n<span class=\"gb-text gb-text-e84baea0\">Formaci\u00f3 a mida<\/span>\n\n\n\n<span class=\"gb-accordion__toggle-icon gb-accordion__toggle-icon-3220d87a\"><span class=\"gb-accordion__toggle-icon-open\"><svg aria-hidden=\"true\" viewbox=\"0 0 256 256\"><rect width=\"256\" height=\"256\" fill=\"none\"><\/rect><circle cx=\"128\" cy=\"128\" r=\"96\" fill=\"none\" stroke=\"currentColor\" stroke-miterlimit=\"10\" stroke-width=\"16\"><\/circle><line x1=\"88\" y1=\"128\" x2=\"168\" y2=\"128\" fill=\"none\" stroke=\"currentColor\" stroke-linecap=\"round\" stroke-linejoin=\"round\" stroke-width=\"16\"><\/line><line x1=\"128\" y1=\"88\" x2=\"128\" y2=\"168\" fill=\"none\" stroke=\"currentColor\" stroke-linecap=\"round\" stroke-linejoin=\"round\" stroke-width=\"16\"><\/line><\/svg><\/span><span class=\"gb-accordion__toggle-icon-close\"><svg aria-hidden=\"true\" viewbox=\"0 0 256 256\"><rect width=\"256\" height=\"256\" fill=\"none\"><\/rect><line x1=\"88\" y1=\"128\" x2=\"168\" y2=\"128\" fill=\"none\" stroke=\"currentColor\" stroke-linecap=\"round\" stroke-linejoin=\"round\" stroke-width=\"16\"><\/line><circle cx=\"128\" cy=\"128\" r=\"96\" fill=\"none\" stroke=\"currentColor\" stroke-miterlimit=\"10\" stroke-width=\"16\"><\/circle><\/svg><\/span><\/span>\n<\/div>\n\n\n\n<div class=\"gb-accordion__content\" id=\"gb-accordion-content-1ceccbb6\">\n<div class=\"gb-element-c2fc312d\">\n<p class=\"gb-text gb-text-88d0bb26\">Cada estudiant \u00e9s \u00fanic. Els nostres programes s&#039;adapten als vostres interessos, necessitats i objectius.<\/p>\n<\/div>\n<\/div>\n<\/div>\n<\/div>\n<\/div>\n<\/div>\n<\/div>\n\n\n\n<div class=\"gb-element-10d1f7a3 alignfull\" style=\"--inline-bg-image: url(https:\/\/garabieducation.es\/wp-content\/uploads\/2025\/05\/getty-images-ZXX0C49o5sk-unsplash-scaled.jpg)\">\n<div class=\"gb-element-2f7955c9\">\n<div class=\"gb-element-6f208ba3\">\n<div class=\"gb-element-23d76856 cifras_titulo\">\n<h3 class=\"gb-text gb-text-69e43ade\">Garabi Education en xifres<\/h3>\n<\/div>\n\n\n\n<div class=\"gb-element-3961b319\">\n<p class=\"gb-text gb-text-1c73e566 translation-block\">Experi\u00e8ncies<br> organitzades<\/p>\n\n\n\n<p class=\"gb-text gb-text-e337e16b\">520<\/p>\n<\/div>\n\n\n\n<div class=\"gb-element-f16bf0b9\">\n<p class=\"gb-text gb-text-36f8c1ef translation-block\">Programes<br> educatius<\/p>\n\n\n\n<p class=\"gb-text gb-text-631414f0\">380<\/p>\n<\/div>\n\n\n\n<div class=\"gb-element-e0408dca\">\n<p class=\"gb-text gb-text-610933b7 translation-block\">Centres a<br> col\u00b7laboraci\u00f3<\/p>\n\n\n\n<p class=\"gb-text gb-text-066cd100\">25<\/p>\n<\/div>\n\n\n\n<div class=\"gb-element-74f77557\">\n<p class=\"gb-text gb-text-7323bbeb translation-block\">Destinacions<br> principals<\/p>\n\n\n\n<p class=\"gb-text gb-text-fdb7dea1\">10<\/p>\n<\/div>\n<\/div>\n<\/div>\n<\/div>\n\n\n\n<div class=\"gb-element-4ecc1302 agenda_button\">\n<a class=\"gb-text-53ad4357 agenda_button\" href=\"https:\/\/meetings.hubspot.com\/idoia-garmendia?uuid=355754e1-ccca-425f-811e-6ff299861cad\" target=\"_blank\" rel=\"noopener\"><span class=\"gb-text\">Agenda una reuni\u00f3 GRATU\u00cfTA<\/span><span class=\"gb-shape\"><svg xmlns=\"http:\/\/www.w3.org\/2000\/svg\" viewbox=\"0 0 24 24\" fill=\"currentColor\"><path d=\"M17 9.2L22.2133 5.55071C22.4395 5.39235 22.7513 5.44737 22.9096 5.6736C22.9684 5.75764 23 5.85774 23 5.96033V18.0397C23 18.3158 22.7761 18.5397 22.5 18.5397C22.3974 18.5397 22.2973 18.5081 22.2133 18.4493L17 14.8V19C17 19.5523 16.5523 20 16 20H2C1.44772 20 1 19.5523 1 19V5C1 4.44772 1.44772 4 2 4H16C16.5523 4 17 4.44772 17 5V9.2ZM17 12.3587L21 15.1587V8.84131L17 11.6413V12.3587ZM3 6V18H15V6H3Z\"><\/path><\/svg><\/span><\/a>\n<\/div>\n\n\n\n<div class=\"gb-element-e14d8d67\" id=\"equipo\">\n<h3 class=\"gb-text gb-text-1711139f\">El nostre equip<\/h3>\n\n\n\n<div><div class=\"gb-looper-99e4ebf6\">\n<div class=\"gb-loop-item gb-loop-item-f618b8cd post-593 team-member type-team-member status-publish has-post-thumbnail hentry\">\n<img loading=\"lazy\" decoding=\"async\" width=\"450\" height=\"500\" data-media-id=\"1220\" class=\"gb-media-b1beffd0\" alt=\"\" src=\"https:\/\/garabieducation.es\/wp-content\/uploads\/2025\/05\/GARABI-EDUCATION-Idoia-Garmendia.jpg\" srcset=\"https:\/\/garabieducation.es\/wp-content\/uploads\/2025\/05\/GARABI-EDUCATION-Idoia-Garmendia.jpg 450w, https:\/\/garabieducation.es\/wp-content\/uploads\/2025\/05\/GARABI-EDUCATION-Idoia-Garmendia-270x300.jpg 270w\" sizes=\"auto, (max-width: 450px) 100vw, 450px\" \/>\n\n\n\n<h4 class=\"gb-text gb-text-1cfa62d2\">Idoia Garmendia<\/h4>\n\n\n\n<p class=\"gb-text gb-text-9696734e\">CEO i fundadora Garabi Education<\/p>\n<\/div>\n\n<div class=\"gb-loop-item gb-loop-item-f618b8cd post-595 team-member type-team-member status-publish has-post-thumbnail hentry\">\n<img loading=\"lazy\" decoding=\"async\" width=\"450\" height=\"500\" data-media-id=\"2739\" class=\"gb-media-b1beffd0\" alt=\"\" src=\"https:\/\/garabieducation.es\/wp-content\/uploads\/2025\/05\/GARABI-EDUCATION-Marta-Cullell-ok.jpg\" srcset=\"https:\/\/garabieducation.es\/wp-content\/uploads\/2025\/05\/GARABI-EDUCATION-Marta-Cullell-ok.jpg 450w, https:\/\/garabieducation.es\/wp-content\/uploads\/2025\/05\/GARABI-EDUCATION-Marta-Cullell-ok-270x300.jpg 270w, https:\/\/garabieducation.es\/wp-content\/uploads\/2025\/05\/GARABI-EDUCATION-Marta-Cullell-ok-11x12.jpg 11w\" sizes=\"auto, (max-width: 450px) 100vw, 450px\" \/>\n\n\n\n<h4 class=\"gb-text gb-text-1cfa62d2\">Marta Cullell<\/h4>\n\n\n\n<p class=\"gb-text gb-text-9696734e\">Representante Catalunya<\/p>\n<\/div>\n\n<div class=\"gb-loop-item gb-loop-item-f618b8cd post-3004 team-member type-team-member status-publish has-post-thumbnail hentry\">\n<img loading=\"lazy\" decoding=\"async\" width=\"450\" height=\"500\" data-media-id=\"3008\" class=\"gb-media-b1beffd0\" alt=\"\" src=\"https:\/\/garabieducation.es\/wp-content\/uploads\/2025\/05\/GARABI-EDUCATION-Eddie-ok.jpg\" srcset=\"https:\/\/garabieducation.es\/wp-content\/uploads\/2025\/05\/GARABI-EDUCATION-Eddie-ok.jpg 450w, https:\/\/garabieducation.es\/wp-content\/uploads\/2025\/05\/GARABI-EDUCATION-Eddie-ok-270x300.jpg 270w, https:\/\/garabieducation.es\/wp-content\/uploads\/2025\/05\/GARABI-EDUCATION-Eddie-ok-11x12.jpg 11w\" sizes=\"auto, (max-width: 450px) 100vw, 450px\" \/>\n\n\n\n<h4 class=\"gb-text gb-text-1cfa62d2\">Eddie Baldwin<\/h4>\n\n\n\n<p class=\"gb-text gb-text-9696734e\">Representante Andaluc\u00eda<\/p>\n<\/div>\n<\/div><\/div>\n\n\n\n<h3 class=\"gb-text gb-text-3a6e76f6\">La nostra visi\u00f3 i valors<\/h3>\n\n\n\n<h4 class=\"gb-text gb-text-9aac36fd\">Aix\u00ed treballem amb tu a cada decisi\u00f3 conjunta que prenem<\/h4>\n\n\n\n<img loading=\"lazy\" decoding=\"async\" width=\"1214\" height=\"339\" class=\"gb-media-a871d41a\" alt=\"\" src=\"https:\/\/garabieducation.es\/wp-content\/uploads\/2025\/12\/GARABI-vision-valores-2.svg\" title=\"GARABI-vision-valores-2\"\/>\n<\/div>","protected":false},"excerpt":{"rendered":"<p>Speak Bold. Live Big. EXPERIENCIAS EDUCATIVAS INTERNACIONALES Asesoramiento personalizado en educaci\u00f3n internacional 27 a\u00f1os marcando la diferencia Garabi Education nace de una vocaci\u00f3n personal: la pasi\u00f3n por la educaci\u00f3n internacional y el compromiso con las familias. Durante m\u00e1s de 27 a\u00f1os, he acompa\u00f1ado a cientos de estudiantes en experiencias educativas \u00fanicas en el extranjero. A &#8230; <a title=\"About Us\" class=\"read-more\" href=\"https:\/\/garabieducation.es\/ca\/about-us\/\" aria-label=\"M\u00e9s informaci\u00f3 sobre About Us\">Llegiu m\u00e9s<\/a><\/p>","protected":false},"author":1,"featured_media":0,"parent":0,"menu_order":0,"comment_status":"closed","ping_status":"closed","template":"","meta":{"_acf_changed":false,"footnotes":""},"class_list":["post-550","page","type-page","status-publish"],"acf":[],"_links":{"self":[{"href":"https:\/\/garabieducation.es\/ca\/wp-json\/wp\/v2\/pages\/550","targetHints":{"allow":["GET"]}}],"collection":[{"href":"https:\/\/garabieducation.es\/ca\/wp-json\/wp\/v2\/pages"}],"about":[{"href":"https:\/\/garabieducation.es\/ca\/wp-json\/wp\/v2\/types\/page"}],"author":[{"embeddable":true,"href":"https:\/\/garabieducation.es\/ca\/wp-json\/wp\/v2\/users\/1"}],"replies":[{"embeddable":true,"href":"https:\/\/garabieducation.es\/ca\/wp-json\/wp\/v2\/comments?post=550"}],"version-history":[{"count":145,"href":"https:\/\/garabieducation.es\/ca\/wp-json\/wp\/v2\/pages\/550\/revisions"}],"predecessor-version":[{"id":3013,"href":"https:\/\/garabieducation.es\/ca\/wp-json\/wp\/v2\/pages\/550\/revisions\/3013"}],"wp:attachment":[{"href":"https:\/\/garabieducation.es\/ca\/wp-json\/wp\/v2\/media?parent=550"}],"curies":[{"name":"wp","href":"https:\/\/api.w.org\/{rel}","templated":true}]}}