{"id":1472,"date":"2025-05-20T07:36:51","date_gmt":"2025-05-20T05:36:51","guid":{"rendered":"https:\/\/garabieducation.es\/?page_id=1472"},"modified":"2025-09-09T10:36:06","modified_gmt":"2025-09-09T08:36:06","slug":"politica-de-privadesa","status":"publish","type":"page","link":"https:\/\/garabieducation.es\/ca\/politica-de-privadesa\/","title":{"rendered":"Pol\u00edtica de privadesa"},"content":{"rendered":"<div class=\"gb-element-9f9f46bd alignfull\">\t<div class=\"gegb-carousel-background\" style=\"--gegb-slide-image:url('https:\/\/garabieducation.es\/wp-content\/uploads\/2025\/05\/Background-slide.jpg')\"><\/div>\n\n\n<div class=\"gb-element-7e3e00de\">\n\n\n<h1 class=\"gb-text gb-text-22882e7a\">Pol\u00edtica de privadesa<\/h1>\n\n\n<\/div>\n<\/div>\n\n\n\n<div class=\"gb-element-df2cdbc1\">\n<p class=\"gb-text\"><strong>Informaci\u00f3 sobre el tractament de dades\u00a0<\/strong><br>\u00a0<br><strong>Qui \u00e9s el responsable de les vostres dades?<\/strong><br>D&#039;acord amb all\u00f2 establert per la Llei Org\u00e0nica 3\/2018, de 5 de desembre, de Protecci\u00f3 de Dades Personals i garantia dels drets digitals (LOPD) i el Reglament General de Protecci\u00f3 de Dades (RGPD) de 27 d&#039;abril de 2016, us informem que les dades personals aportades seran tractades per GARABI EDUCATION LTD. amb n\u00famero de registre 11821348 i domicili a Pine Vale Crescent, Bournemouth, BH10 6BG, UK.<br>\u00a0<br><strong>Quins s\u00f3n els vostres drets quan ens facilita les vostres dades?<\/strong><br>Qualsevol persona t\u00e9 dret a sol\u00b7licitar l&#039;acc\u00e9s, rectificaci\u00f3, supressi\u00f3, limitaci\u00f3 del tractament, oposici\u00f3 o dret a la portabilitat de les vostres dades personals, escrivint-nos a l&#039;adre\u00e7a de les nostres oficines, o enviant un correu electr\u00f2nic a idoia@garabieducation.com, indicant el dret que voleu exercir.<br>Tindr\u00e0 dret igualment a retirar el consentiment prestat en qualsevol moment. La retirada del consentiment no afecta la licitud del tractament efectuat abans de la retirada del consentiment esmentat.<br>Teniu dret a presentar una reclamaci\u00f3 davant l&#039;autoritat de control si considereu que poden haver estat vulnerats els vostres drets pel que fa a la protecci\u00f3 de les vostres dades personals.<br>\u00a0<br><strong>CLIENTS<\/strong><br>\u00a0<br><strong>Amb quina finalitat tractem les vostres dades personals?<\/strong><br>Les dades aportades per vost\u00e8 s\u00f3n necess\u00e0ries per poder prestar-li amb totes les garanties el servei sol\u00b7licitat, i seran tractades amb les finalitats seg\u00fcents: realitzar la gesti\u00f3 acad\u00e8mica, administrativa, comptable i fiscal, gesti\u00f3 de les relacions comercials i transaccions econ\u00f2miques, accions de m\u00e0rqueting i publicitat en general.<br>\u00a0<br><strong>Per quant de temps conservarem les vostres dades?<\/strong><br>Les dades personals proporcionades es conservaran fins a la finalitzaci\u00f3 de la relaci\u00f3 contractual i, posteriorment, durant els terminis legalment exigits (10 anys).<br>\u00a0<br><strong>Quina \u00e9s la legitimaci\u00f3 per al tractament de les vostres dades?<\/strong><br>La base legal per al tractament de les vostres dades \u00e9s l&#039;execuci\u00f3 del contracte subscrit amb nosaltres.<br>\u00a0<br><strong>A quins destinataris es comunicaran les vostres dades?<\/strong><br>Per complir amb la finalitat prevista, les vostres dades podran ser comunicades a: Administraci\u00f3 tribut\u00e0ria; Entitats asseguradores; Administraci\u00f3 p\u00fablica amb compet\u00e8ncia en la mat\u00e8ria; Entitats educatives internacionals (en el cas que estiguin situades als EUA amb el seu consentiment, per poder complir amb all\u00f2 establert pel RGPD, at\u00e8s que no hi ha garantia de nivell de protecci\u00f3 de dades adequat per la Comissi\u00f3 Europea)<br>\u00a0<br><strong>Com hem obtingut les vostres dades?<\/strong><br>En cas de no haver-nos proporcionat les vostres dades, ens les haur\u00e0 proporcionat l&#039;acad\u00e8mia en qu\u00e8 va sol\u00b7licitar la informaci\u00f3.<br>\u00a0<br><strong>IMATGES<\/strong><br><strong>Amb quina finalitat tractem les vostres dades personals?<\/strong><br>Les dades aportades per vost\u00e8 s\u00f3n necess\u00e0ries per poder prestar-li amb totes les garanties el servei sol\u00b7licitat, i seran tractades amb les finalitats seg\u00fcents:<br>Gesti\u00f3 de les imatges per a la seva publicaci\u00f3 a web i xarxes socials.<br>\u00a0<br><strong>Per quant de temps conservarem les vostres dades?<\/strong><br>Les dades personals proporcionades es conservaran mentre no se sol\u00b7liciti la supressi\u00f3 per l&#039;interessat.<br>\u00a0<br><strong>Quina \u00e9s la legitimaci\u00f3 per al tractament de les vostres dades?<\/strong><br>La base legal per al tractament de les vostres dades \u00e9s el consentiment de l&#039;interessat.<br>\u00a0<br><strong>A quins destinataris es comunicaran les vostres dades?<\/strong><br>Per complir amb la finalitat prevista, les vostres dades podran ser comunicades a: Xarxes socials.<br>\u00a0<br><strong>CONTACTES<\/strong><br>\u00a0<br><strong>Amb quina finalitat tractem les vostres dades personals?<\/strong><br>Les dades aportades per vost\u00e8 s\u00f3n necess\u00e0ries per poder prestar-li amb totes les garanties el servei sol\u00b7licitat, i seran tractades amb les finalitats seg\u00fcents: gestionar les comunicacions de l&#039;empresa, atendre consultes i enviament de campanyes de m\u00e0rqueting.<br>\u00a0<br><strong>Per quant de temps conservarem les vostres dades?<\/strong><br>Les dades personals proporcionades es conservaran mentre es prevegi que poden ser necess\u00e0ries per contactar amb linteressat.<br>\u00a0<br><strong>Quina \u00e9s la legitimaci\u00f3 per al tractament de les vostres dades?<\/strong><br>La base legal per al tractament de les vostres dades \u00e9s el consentiment de l&#039;interessat i l&#039;inter\u00e8s leg\u00edtim del Responsable basat en l&#039;article 6f) del RGPD i l&#039;article 19 de la LOPD i GDD, sempre referits a dades de contacte necess\u00e0ries per a la seva localitzaci\u00f3 i per poder relacionar-se amb les persones a qui es presten els serveis.<br>\u00a0<br><strong>A quins destinataris es comunicaran les vostres dades?<\/strong><br>Les vostres dades no se cediran a tercers excepte obligaci\u00f3 legal.<\/p>\n<\/div>","protected":false},"excerpt":{"rendered":"<p>Pol\u00edtica de privacidad Informaci\u00f3n sobre el tratamiento de datos\u00a0\u00a0\u00bfQui\u00e9n es el responsable de sus datos?De acuerdo con lo establecido por la Ley Org\u00e1nica 3\/2018, de 5 de diciembre, de Protecci\u00f3n de Datos Personales y garant\u00eda de los derechos digitales (LOPD) y el Reglamento General de Protecci\u00f3n de Datos (RGPD) de 27 de Abril de 2016, &#8230; <a title=\"Pol\u00edtica de privadesa\" class=\"read-more\" href=\"https:\/\/garabieducation.es\/ca\/politica-de-privadesa\/\" aria-label=\"M\u00e9s informaci\u00f3 sobre Pol\u00edtica de privacidad\">Llegiu m\u00e9s<\/a><\/p>","protected":false},"author":1,"featured_media":0,"parent":0,"menu_order":0,"comment_status":"closed","ping_status":"closed","template":"","meta":{"_acf_changed":false,"footnotes":""},"class_list":["post-1472","page","type-page","status-publish"],"acf":[],"_links":{"self":[{"href":"https:\/\/garabieducation.es\/ca\/wp-json\/wp\/v2\/pages\/1472","targetHints":{"allow":["GET"]}}],"collection":[{"href":"https:\/\/garabieducation.es\/ca\/wp-json\/wp\/v2\/pages"}],"about":[{"href":"https:\/\/garabieducation.es\/ca\/wp-json\/wp\/v2\/types\/page"}],"author":[{"embeddable":true,"href":"https:\/\/garabieducation.es\/ca\/wp-json\/wp\/v2\/users\/1"}],"replies":[{"embeddable":true,"href":"https:\/\/garabieducation.es\/ca\/wp-json\/wp\/v2\/comments?post=1472"}],"version-history":[{"count":14,"href":"https:\/\/garabieducation.es\/ca\/wp-json\/wp\/v2\/pages\/1472\/revisions"}],"predecessor-version":[{"id":2886,"href":"https:\/\/garabieducation.es\/ca\/wp-json\/wp\/v2\/pages\/1472\/revisions\/2886"}],"wp:attachment":[{"href":"https:\/\/garabieducation.es\/ca\/wp-json\/wp\/v2\/media?parent=1472"}],"curies":[{"name":"wp","href":"https:\/\/api.w.org\/{rel}","templated":true}]}}