{"id":1470,"date":"2025-05-20T07:36:00","date_gmt":"2025-05-20T05:36:00","guid":{"rendered":"https:\/\/garabieducation.es\/?page_id=1470"},"modified":"2025-05-27T15:58:11","modified_gmt":"2025-05-27T13:58:11","slug":"avis-legal","status":"publish","type":"page","link":"https:\/\/garabieducation.es\/ca\/avis-legal\/","title":{"rendered":"Av\u00eds legal"},"content":{"rendered":"<div class=\"gb-element-2894baaf alignfull\">\t<div class=\"gegb-carousel-background\" style=\"--gegb-slide-image:url('https:\/\/garabieducation.es\/wp-content\/uploads\/2025\/05\/Background-slide.jpg')\"><\/div>\n\n\n<div class=\"gb-element-40146720\">\n\n\n<h1 class=\"gb-text gb-text-2954fc81\">Av\u00eds Legal<\/h1>\n\n\n<\/div>\n<\/div>\n\n\n\n<div class=\"gb-element-df2cdbc1\">\n<p class=\"gb-text\"><strong>Objecte<\/strong><br>El prestador, responsable del lloc web, posa a disposici\u00f3 dels usuaris aquest document amb qu\u00e8 pret\u00e9n donar compliment a les obligacions disposades a la Llei 34\/2002, de Serveis de la Societat de la Informaci\u00f3 i del Comer\u00e7 Electr\u00f2nic (LSSI-CE), aix\u00ed com informar tots els usuaris del lloc web respecte a quines s\u00f3n les condicions d&#039;\u00fas del lloc web.<br>L&#039;acc\u00e9s al lloc web implica sense reserves l&#039;acceptaci\u00f3 de les presents condicions generals d&#039;\u00fas que l&#039;usuari afirma comprendre totalment. L&#039;usuari es compromet a no utilitzar el lloc web i els serveis que s&#039;hi ofereixen per a la realitzaci\u00f3 d&#039;activitats contr\u00e0ries a la llei ia respectar en tot moment les presents condicions generals. El prestador podr\u00e0 interrompre en qualsevol moment l&#039;acc\u00e9s al vostre lloc web si detecta un \u00fas contrari a la legalitat, la bona fe oa les presents condicions generals.<br>El prestador es reserva el dret a modificar qualsevol tipus d&#039;informaci\u00f3 que pogu\u00e9s apar\u00e8ixer al lloc web, sense que hi hagi obligaci\u00f3 de preavisar o posar en coneixement dels usuaris aquestes obligacions, entenent-se com a suficient amb la publicaci\u00f3 al lloc web del prestador.<br><strong>Sobre el prestador<\/strong><br>El prestador responsable del lloc web ofereix als usuaris d&#039;aquest les vostres dades identificatives per tal de millorar la confian\u00e7a de l&#039;usuari i de les relacions amb aquest.<br>Denominaci\u00f3 Social: Garabi Education Ltd.<br>Adre\u00e7a: 8 Bakeland Gardens<br>Alresford, Hampshire<br>SO24 9QX<br>UK<br>N\u00famero de registre: 11821348<br>Tel\u00e8fon: +44 7446 565 646<br>e-Mail:\u00a0<a href=\"mailto:idoia@garabieducation.com\">idoia@garabieducation.com<\/a><br>Nom de domini: www.garabieducation.com<br>\u00a0<br><strong>Adreces IP<\/strong><br>Els servidors del lloc web podran detectar autom\u00e0ticament l&#039;adre\u00e7a IP i el nom de domini utilitzats per l&#039;usuari. Una adre\u00e7a IP \u00e9s un n\u00famero assignat autom\u00e0ticament a un ordinador quan aquesta es connecta a Internet. Tota aquesta informaci\u00f3 \u00e9s registrada en un fitxer d&#039;activitat del servidor degudament inscrit que permet el processament posterior de les dades per tal d&#039;obtenir mesures \u00fanicament estad\u00edstiques que permetin con\u00e8ixer el nombre d&#039;impressions de p\u00e0gines, el nombre de visites realitzades als serveis web, l&#039;ordre de visites, el punt d&#039;acc\u00e9s, etc.<br><strong>Seguretat<\/strong><br>El prestador ha adoptat totes les mesures t\u00e8cniques i organitzatives necess\u00e0ries per garantir la seguretat i la integritat de les dades de car\u00e0cter personal que tracti, aix\u00ed com per evitar la seva p\u00e8rdua, alteraci\u00f3 i\/o acc\u00e9s per part de tercers no autoritzats. El lloc web utilitza t\u00e8cniques de seguretat de la informaci\u00f3 generalment acceptades a la ind\u00fastria, tals com firewalls, procediments de control d&#039;acc\u00e9s i mecanismes criptogr\u00e0fics, tot per evitar l&#039;acc\u00e9s no autoritzat a les dades. Per aconseguir aquests fins, l&#039;usuari\/client accepta que el prestador obtingui dades per a l&#039;autenticaci\u00f3 corresponent dels controls d&#039;acc\u00e9s.<br><strong>Responsabilitat<\/strong><br>El prestador s&#039;eximeix de qualsevol tipus de responsabilitat derivada de la informaci\u00f3 publicada al vostre lloc web, sempre que aquesta informaci\u00f3 hagi estat manipulada o introdu\u00efda per un tercer ali\u00e8 al mateix (per exemple, en f\u00f2rums, xats, blocs, comentaris, etc). Aix\u00f2 no obstant, i en compliment del que disposa la LSSI-CE, el prestador es posa a disposici\u00f3 de tots els usuaris, autoritats i forces de seguretat, per retirar o si escau bloquejar tots aquells continguts que poguessin afectar o contravenir la legislaci\u00f3 nacional, o internacional, drets de tercers o la moral i l&#039;ordre p\u00fablic, posant els fets en coneixement de les autoritats competents si fos necessari.<br>En cas que l&#039;usuari consideri que hi ha al lloc web algun contingut que pogu\u00e9s ser susceptible d&#039;aquesta classificaci\u00f3, es prega que ho notifiqui de manera immediata a l&#039;administrador del lloc web.<br>Aquest lloc web ha estat revisat i provat perqu\u00e8 funcioni correctament. En principi, es pot garantir el funcionament correcte els 365 dies de l&#039;any, 24 hores al dia. Tot i aix\u00f2, el prestador no descarta la possibilitat que hi hagi certs errors de programaci\u00f3, o que esdevinguin causes de for\u00e7a major, cat\u00e0strofes naturals, vagues, o circumst\u00e0ncies semblants que facin impossible l&#039;acc\u00e9s a la p\u00e0gina web.<br>\u00a0<br><strong>Propietat intel\u00b7lectual i industrial<\/strong><br>El lloc web, incloent-hi a t\u00edtol enunciatiu, per\u00f2 no limitatiu la seva programaci\u00f3, edici\u00f3, compilaci\u00f3 i altres elements necessaris per al seu funcionament, els dissenys, logotips, text i\/o gr\u00e0fics s\u00f3n propietat del prestador del servei o si escau disposa de llic\u00e8ncia o autoritzaci\u00f3 expressa per part dels autors. Tots els continguts del lloc web es troben degudament protegits per la normativa de propietat intel\u00b7lectual i industrial, aix\u00ed com inscrits als registres p\u00fablics corresponents. La reproducci\u00f3 total o parcial, \u00fas, explotaci\u00f3, distribuci\u00f3 i comercialitzaci\u00f3 requereix en tot cas l&#039;autoritzaci\u00f3 escrita pr\u00e8via per part del prestador. Qualsevol \u00fas no autoritzat pr\u00e8viament per part de l&#039;autor ser\u00e0 considerat un incompliment greu dels drets de propietat intel\u00b7lectual o industrial de l&#039;autor.<br>Els dissenys, logotips, text i\/o gr\u00e0fics aliens al prestador i que poguessin apar\u00e8ixer al lloc web, pertanyen als seus respectius propietaris, sent ells mateixos responsables de qualsevol possible controv\u00e8rsia que pogu\u00e9s suscitar-se respecte a aquests. El prestador reconeix a favor dels seus titulars els corresponents drets de propietat industrial i intel\u00b7lectual, i no implica la seva sola menci\u00f3 o aparici\u00f3 al lloc web l&#039;exist\u00e8ncia de drets o responsabilitat alguna del prestador sobre aquests, com tampoc suport, patrocini o recomanaci\u00f3 per part del mateix.<br>\u00a0<br><strong>Llei aplicable i jurisdicci\u00f3<\/strong><br>Per a la resoluci\u00f3 de totes les controv\u00e8rsies o q\u00fcestions relacionades amb aquest lloc web o de les activitats que s&#039;hi desenvolupin, \u00e9s aplicable la legislaci\u00f3 espanyola, a la qual se sotmeten expressament les parts, i s\u00f3n competents per a la resoluci\u00f3 de tots els conflictes derivats o relacionats amb el seu \u00fas els jutjats i tribunals de Madrid.<\/p>\n<\/div>","protected":false},"excerpt":{"rendered":"<p>Aviso Legal ObjetoEl prestador, responsable del sitio web, pone a disposici\u00f3n de los usuarios el presente documento con el que pretende dar cumplimiento a las obligaciones dispuestas en la Ley 34\/2002, de Servicios de la Sociedad de la Informaci\u00f3n y del Comercio Electr\u00f3nico (LSSI-CE), as\u00ed como informar a todos los usuarios del sitio web respecto &#8230; <a title=\"Av\u00eds legal\" class=\"read-more\" href=\"https:\/\/garabieducation.es\/ca\/avis-legal\/\" aria-label=\"M\u00e9s informaci\u00f3 sobre Aviso legal\">Llegiu m\u00e9s<\/a><\/p>","protected":false},"author":1,"featured_media":0,"parent":0,"menu_order":0,"comment_status":"closed","ping_status":"closed","template":"","meta":{"_acf_changed":false,"footnotes":""},"class_list":["post-1470","page","type-page","status-publish"],"acf":[],"_links":{"self":[{"href":"https:\/\/garabieducation.es\/ca\/wp-json\/wp\/v2\/pages\/1470","targetHints":{"allow":["GET"]}}],"collection":[{"href":"https:\/\/garabieducation.es\/ca\/wp-json\/wp\/v2\/pages"}],"about":[{"href":"https:\/\/garabieducation.es\/ca\/wp-json\/wp\/v2\/types\/page"}],"author":[{"embeddable":true,"href":"https:\/\/garabieducation.es\/ca\/wp-json\/wp\/v2\/users\/1"}],"replies":[{"embeddable":true,"href":"https:\/\/garabieducation.es\/ca\/wp-json\/wp\/v2\/comments?post=1470"}],"version-history":[{"count":15,"href":"https:\/\/garabieducation.es\/ca\/wp-json\/wp\/v2\/pages\/1470\/revisions"}],"predecessor-version":[{"id":2293,"href":"https:\/\/garabieducation.es\/ca\/wp-json\/wp\/v2\/pages\/1470\/revisions\/2293"}],"wp:attachment":[{"href":"https:\/\/garabieducation.es\/ca\/wp-json\/wp\/v2\/media?parent=1470"}],"curies":[{"name":"wp","href":"https:\/\/api.w.org\/{rel}","templated":true}]}}